{"id":681,"date":"2021-03-30T11:35:50","date_gmt":"2021-03-30T09:35:50","guid":{"rendered":"https:\/\/baltic.rent\/?page_id=681"},"modified":"2023-04-04T20:31:30","modified_gmt":"2023-04-04T18:31:30","slug":"faq","status":"publish","type":"page","link":"https:\/\/baltic.rent\/en\/faq","title":{"rendered":"FAQ"},"content":{"rendered":"<section id=\"section-438-681\" class=\"ct-section\" ><div class=\"ct-section-inner-wrap\"><div id=\"div_block-439-681\" class=\"ct-div-block\" style=\"background-image:url(https:\/\/baltic.rent\/wp-content\/uploads\/2021\/05\/businessmanMin-min.jpg);background-size: cover;\" ><div id=\"div_block-440-681\" class=\"ct-div-block top-overlay-right\" ><\/div><div id=\"div_block-441-681\" class=\"ct-div-block top-text-right\" ><h1 id=\"headline-442-681\" class=\"ct-headline top-title\">Zadawane pytania<\/h1><div id=\"text_block-443-681\" class=\"ct-text-block top-subtitle\" >Przeczytaj.<\/div><a id=\"link_button-444-681\" class=\"ct-link-button top-btn\" href=\"#faq\" target=\"_self\"  >wi\u0119cej<\/a><\/div><div id=\"div_block-450-681\" class=\"ct-div-block h-formContainer\" ><div id=\"text_block-451-681\" class=\"ct-text-block textContainer-title\" ><span id=\"span-452-681\" class=\"ct-span\" >Zacznijmy rozmawia\u0107<\/span><\/div><div id=\"text_block-453-681\" class=\"ct-text-block\" ><span id=\"span-454-681\" class=\"ct-span\" >Opowiedz mi o swoim planie.<\/span><\/div><div id=\"shortcode-455-681\" class=\"ct-shortcode\" >\n<div class=\"wpcf7 no-js\" id=\"wpcf7-f1148-o1\" lang=\"pl-PL\" dir=\"ltr\">\n<div class=\"screen-reader-response\"><p role=\"status\" aria-live=\"polite\" aria-atomic=\"true\"><\/p> <ul><\/ul><\/div>\n<form action=\"\/en\/wp-json\/wp\/v2\/pages\/681#wpcf7-f1148-o1\" method=\"post\" class=\"wpcf7-form init\" aria-label=\"Formularz kontaktowy\" novalidate=\"novalidate\" data-status=\"init\" data-trp-original-action=\"\/en\/wp-json\/wp\/v2\/pages\/681#wpcf7-f1148-o1\">\n<div style=\"display: none;\">\n<input type=\"hidden\" name=\"_wpcf7\" value=\"1148\" \/>\n<input type=\"hidden\" name=\"_wpcf7_version\" value=\"5.9.2\" \/>\n<input type=\"hidden\" name=\"_wpcf7_locale\" value=\"pl_PL\" \/>\n<input type=\"hidden\" name=\"_wpcf7_unit_tag\" value=\"wpcf7-f1148-o1\" \/>\n<input type=\"hidden\" name=\"_wpcf7_container_post\" value=\"0\" \/>\n<input type=\"hidden\" name=\"_wpcf7_posted_data_hash\" value=\"\" \/>\n<input type=\"hidden\" name=\"_wpcf7_recaptcha_response\" value=\"\" \/>\n<\/div>\n<div class=\"hero-form\">\n\t<div class=\"input-half\">\n\t\t<p><span class=\"wpcf7-form-control-wrap\" data-name=\"your-name\"><input size=\"40\" class=\"wpcf7-form-control wpcf7-text wpcf7-validates-as-required\" aria-required=\"true\" aria-invalid=\"false\" placeholder=\"Imi\u0119\" value=\"\" type=\"text\" name=\"your-name\" \/><\/span>\n\t\t<\/p>\n\t<\/div>\n\t<div class=\"input-half\">\n\t\t<p><span class=\"wpcf7-form-control-wrap\" data-name=\"your-phone\"><input size=\"40\" class=\"wpcf7-form-control wpcf7-text wpcf7-validates-as-required\" aria-required=\"true\" aria-invalid=\"false\" placeholder=\"Numer telefonu\" value=\"\" type=\"text\" name=\"your-phone\" \/><\/span>\n\t\t<\/p>\n\t<\/div>\n<\/div>\n<div class=\"hero-form\">\n\t<p><span class=\"wpcf7-form-control-wrap\" data-name=\"your-email\"><input size=\"40\" class=\"wpcf7-form-control wpcf7-email wpcf7-validates-as-required wpcf7-text wpcf7-validates-as-email\" aria-required=\"true\" aria-invalid=\"false\" placeholder=\"E-mail\" value=\"\" type=\"email\" name=\"your-email\" \/><\/span>\n\t<\/p>\n<\/div>\n<div class=\"hero-form\">\n\t<p><span class=\"wpcf7-form-control-wrap\" data-name=\"your-message\"><textarea cols=\"40\" rows=\"10\" class=\"wpcf7-form-control wpcf7-textarea\" aria-invalid=\"false\" placeholder=\"Zg\u0142o\u015b mieszkanie do zarz\u0105dzania\" name=\"your-message\"><\/textarea><\/span>\n\t<\/p>\n<\/div>\n<div class=\"hero-form\">\n\t<p><input class=\"wpcf7-form-control wpcf7-submit has-spinner toress-btn\" type=\"submit\" value=\"Wy\u015blij\" \/>\n\t<\/p>\n<\/div><div class=\"wpcf7-response-output\" aria-hidden=\"true\"><\/div>\n<input type=\"hidden\" name=\"trp-form-language\" value=\"en\"\/><\/form>\n<\/div>\n<\/div><\/div><div id=\"code_block-456-681\" class=\"ct-code-block\" ><\/div><\/div><\/div><\/section><section id=\"faq\" class=\"ct-section\" ><div class=\"ct-section-inner-wrap\"><div id=\"text_block-20-592\" class=\"ct-text-block section-subtitle\" >FAQ<\/div><h1 id=\"headline-21-592\" class=\"ct-headline section-title\">Cz\u0119sto zadawane pytania<\/h1><div id=\"text_block-22-592\" class=\"ct-text-block\" >Wynajmuj bezpiecznie z Baltic Rent.<\/div><div id=\"div_block-23-592\" class=\"ct-div-block\" ><\/div><\/div><\/section><section id=\"section-37-592\" class=\"ct-section\" ><div class=\"ct-section-inner-wrap\"><div id=\"div_block-291-681\" class=\"ct-div-block\" >\n\t\t<div id=\"-pro-accordion-437-681\" class=\"oxy-pro-accordion\" ><div class=\"oxy-pro-accordion_inner\" data-icon=\"animate\" data-expand=\"300\" data-repeater=\"disable\" data-acf=\"closed\" data-type=\"acf\" data-disablesibling=\"false\"><div class=\"oxy-pro-accordion_item\"><button  id=\"header-pro-accordion-437-681-1\" class=\"oxy-pro-accordion_header\" aria-controls=\"body-pro-accordion-437-681-1\" aria-expanded=\"false\"><span class=\"oxy-pro-accordion_title-area\"><h4 class=\"oxy-pro-accordion_title\">Kim jest operator najmu?<\/h4><span class=\"oxy-pro-accordion_subtitle\"><\/span><\/span><span class=\"oxy-pro-accordion_icon oxy-pro-accordion_icon-animate\"><svg id=\"toggle--pro-accordion-437-681\" class=\"oxy-pro-accordion_toggle-icon\"><use xlink:href=\"#FontAwesomeicon-angle-down\"><\/use><\/svg><\/span><\/button><div id=\"body-pro-accordion-437-681-1\" class=\"oxy-pro-accordion_body\" aria-labelledby=\"header-pro-accordion-437-681-1\" role=\"region\"><div class=\"oxy-pro-accordion_content\"><p>Agencja zarz\u0105dzaj\u0105ca mieszkaniami na wynajem. Bierze na siebie ca\u0142\u0105 odpowiedzialno\u015b\u0107 i wyr\u0119cza w\u0142a\u015bciciela z szeregu czynno\u015bci.<br \/>\nSprawia, \u017ce wynajem jest \u0142atwy.<\/p>\n<p><strong>Przejmiemy od Ciebie wszystkie obowi\u0105zki.<\/strong><br \/>\n<strong>Wype\u0142nij formularz i zg\u0142o\u015b swoj\u0105 nieruchomo\u015b\u0107.\u00a0<\/strong><\/p>\n<\/div><\/div><\/div><div class=\"oxy-pro-accordion_item\"><button  id=\"header-pro-accordion-437-681-2\" class=\"oxy-pro-accordion_header\" aria-controls=\"body-pro-accordion-437-681-2\" aria-expanded=\"false\"><span class=\"oxy-pro-accordion_title-area\"><h4 class=\"oxy-pro-accordion_title\"> Na jakim obszarze dzia\u0142a Baltic Rent?<\/h4><span class=\"oxy-pro-accordion_subtitle\"><\/span><\/span><span class=\"oxy-pro-accordion_icon oxy-pro-accordion_icon-animate\"><svg id=\"toggle--pro-accordion-437-681\" class=\"oxy-pro-accordion_toggle-icon\"><use xlink:href=\"#FontAwesomeicon-angle-down\"><\/use><\/svg><\/span><\/button><div id=\"body-pro-accordion-437-681-2\" class=\"oxy-pro-accordion_body\" aria-labelledby=\"header-pro-accordion-437-681-2\" role=\"region\"><div class=\"oxy-pro-accordion_content\"><p><strong>Szczecin i okolice.\u00a0<\/strong><br \/>\nZarz\u0105dzamy tak\u017ce wynajmem kr\u00f3tkoterminowym nad morzem od \u015awinouj\u015bcia po Ko\u0142obrzeg.<\/p>\n<p><strong>Przejmiemy od Ciebie wszystkie obowi\u0105zki.<\/strong><br \/>\n<strong>Wype\u0142nij formularz i zg\u0142o\u015b swoj\u0105 nieruchomo\u015b\u0107.\u00a0<\/strong><\/p>\n<\/div><\/div><\/div><div class=\"oxy-pro-accordion_item\"><button  id=\"header-pro-accordion-437-681-3\" class=\"oxy-pro-accordion_header\" aria-controls=\"body-pro-accordion-437-681-3\" aria-expanded=\"false\"><span class=\"oxy-pro-accordion_title-area\"><h4 class=\"oxy-pro-accordion_title\">Jak wygl\u0105da proces wsp\u00f3\u0142pracy?<\/h4><span class=\"oxy-pro-accordion_subtitle\"><\/span><\/span><span class=\"oxy-pro-accordion_icon oxy-pro-accordion_icon-animate\"><svg id=\"toggle--pro-accordion-437-681\" class=\"oxy-pro-accordion_toggle-icon\"><use xlink:href=\"#FontAwesomeicon-angle-down\"><\/use><\/svg><\/span><\/button><div id=\"body-pro-accordion-437-681-3\" class=\"oxy-pro-accordion_body\" aria-labelledby=\"header-pro-accordion-437-681-3\" role=\"region\"><div class=\"oxy-pro-accordion_content\"><p>Wysy\u0142asz zg\u0142oszenie swojej nieruchomo\u015bci podaj\u0105c standard, lokalizacj\u0119.<\/p>\n<ol>\n<li>Analizujemy rentowno\u015b\u0107 z wynajmu<\/li>\n<li>Podpowiadamy najlepsze rozwi\u0105zanie. Wybieramy rodzaj najmu. D\u0142ugoterminowy, kr\u00f3tkoterminowy, \u015brednioterminowy lub hybrydowy.<\/li>\n<li>Przygotowujemy mieszkanie do wynajmu.<\/li>\n<li>Rozpoczynamy marketing oferty<\/li>\n<li>Znajdujemy odpowiedniego najemc\u0119 \/ przyci\u0105gamy go\u015bci<\/li>\n<li>Rozliczamy przychody z W\u0142a\u015bcicielem<\/li>\n<\/ol>\n<p>&nbsp;<\/p>\n<p><strong>Przejmiemy od Ciebie wszystkie obowi\u0105zki.<\/strong><br \/>\n<strong>Wype\u0142nij formularz i zg\u0142o\u015b swoj\u0105 nieruchomo\u015b\u0107.\u00a0<\/strong><\/p>\n<\/div><\/div><\/div><div class=\"oxy-pro-accordion_item\"><button  id=\"header-pro-accordion-437-681-4\" class=\"oxy-pro-accordion_header\" aria-controls=\"body-pro-accordion-437-681-4\" aria-expanded=\"false\"><span class=\"oxy-pro-accordion_title-area\"><h4 class=\"oxy-pro-accordion_title\">Ile kosztuj\u0105 us\u0142ugi Baltic Rent ? <\/h4><span class=\"oxy-pro-accordion_subtitle\"><\/span><\/span><span class=\"oxy-pro-accordion_icon oxy-pro-accordion_icon-animate\"><svg id=\"toggle--pro-accordion-437-681\" class=\"oxy-pro-accordion_toggle-icon\"><use xlink:href=\"#FontAwesomeicon-angle-down\"><\/use><\/svg><\/span><\/button><div id=\"body-pro-accordion-437-681-4\" class=\"oxy-pro-accordion_body\" aria-labelledby=\"header-pro-accordion-437-681-4\" role=\"region\"><div class=\"oxy-pro-accordion_content\"><p><strong>Cennik us\u0142ug.<br \/>\n<\/strong>Wynajem d\u0142ugoterminowy:<\/p>\n<ul>\n<li>Op\u0142ata pocz\u0105tkowa na przygotowanie marketingu, kt\u00f3ry zwi\u0119kszy Twoje przychody od 900 z\u0142<\/li>\n<li>Op\u0142ata abonamentowa<strong> tylko 19%<\/strong> od przychodu z wynajmu od najemcy<\/li>\n<\/ul>\n<p>Wynajem kr\u00f3tkoterminowy:<\/p>\n<ul>\n<li>Indywidualny koszt doposa\u017cenia apartamentu (tekstylia, wyposa\u017cenie aneksu kuchennego, niezb\u0119dne sprz\u0119ty zgodnie z list\u0105 wyposa\u017cenia)<\/li>\n<li><strong>Prowizja operatora tylko 20% <\/strong>od przychodu netto z rezerwacji<\/li>\n<\/ul>\n<p>&nbsp;<\/p>\n<p><strong>Przejmiemy od Ciebie wszystkie obowi\u0105zki.<\/strong><br \/>\n<strong>Wype\u0142nij formularz i zg\u0142o\u015b swoj\u0105 nieruchomo\u015b\u0107.<\/strong><\/p>\n<\/div><\/div><\/div><div class=\"oxy-pro-accordion_item\"><button  id=\"header-pro-accordion-437-681-5\" class=\"oxy-pro-accordion_header\" aria-controls=\"body-pro-accordion-437-681-5\" aria-expanded=\"false\"><span class=\"oxy-pro-accordion_title-area\"><h4 class=\"oxy-pro-accordion_title\">Dlaczego warto?<\/h4><span class=\"oxy-pro-accordion_subtitle\"><\/span><\/span><span class=\"oxy-pro-accordion_icon oxy-pro-accordion_icon-animate\"><svg id=\"toggle--pro-accordion-437-681\" class=\"oxy-pro-accordion_toggle-icon\"><use xlink:href=\"#FontAwesomeicon-angle-down\"><\/use><\/svg><\/span><\/button><div id=\"body-pro-accordion-437-681-5\" class=\"oxy-pro-accordion_body\" aria-labelledby=\"header-pro-accordion-437-681-5\" role=\"region\"><div class=\"oxy-pro-accordion_content\"><p>Zyskujesz czas i pieni\u0105dze.<\/p>\n<p>Nasz zesp\u00f3\u0142 to ludzie z bran\u017cy nieruchomo\u015bci z wieloletnim do\u015bwiadczeniem.<br \/>\nJest w\u015br\u00f3d nas po\u015brednik nieruchomo\u015bci, specjalista ds. sprzeda\u017cy i marketingu, zarz\u0105dca nieruchomo\u015bci, fotograf.<\/p>\n<p><strong>Przejmiemy od Ciebie wszystkie obowi\u0105zki.<\/strong><br \/>\n<strong>Wype\u0142nij formularz i zg\u0142o\u015b swoj\u0105 nieruchomo\u015b\u0107.<\/strong><\/p>\n<\/div><\/div><\/div><div class=\"oxy-pro-accordion_item\"><button  id=\"header-pro-accordion-437-681-6\" class=\"oxy-pro-accordion_header\" aria-controls=\"body-pro-accordion-437-681-6\" aria-expanded=\"false\"><span class=\"oxy-pro-accordion_title-area\"><h4 class=\"oxy-pro-accordion_title\">Na jakich portalach rezerwacyjnych zamie\u015bcicie og\u0142oszenia?<\/h4><span class=\"oxy-pro-accordion_subtitle\"><\/span><\/span><span class=\"oxy-pro-accordion_icon oxy-pro-accordion_icon-animate\"><svg id=\"toggle--pro-accordion-437-681\" class=\"oxy-pro-accordion_toggle-icon\"><use xlink:href=\"#FontAwesomeicon-angle-down\"><\/use><\/svg><\/span><\/button><div id=\"body-pro-accordion-437-681-6\" class=\"oxy-pro-accordion_body\" aria-labelledby=\"header-pro-accordion-437-681-6\" role=\"region\"><div class=\"oxy-pro-accordion_content\"><p>Zesp\u00f3\u0142 ekspert\u00f3w sporz\u0105dzi profile na najwi\u0119kszych portalach takich jak:<br \/>\n<a href=\"https:\/\/noclegi.net.pl\/\">noclegi.net.pl<\/a>, booking.com, nocowanie.pl, airbnb.pl, expedia.com, tripadvisor.com, holidu.pl, trivago.pl, homeaway.com, atraveo.pl, fajnewczasy.pl, otodom.pl, olx.pl, gratka.pl, morizon.pl, domiporta.pl, facebook.com<\/p>\n<\/div><\/div><\/div><div class=\"oxy-pro-accordion_item\"><button  id=\"header-pro-accordion-437-681-7\" class=\"oxy-pro-accordion_header\" aria-controls=\"body-pro-accordion-437-681-7\" aria-expanded=\"false\"><span class=\"oxy-pro-accordion_title-area\"><h4 class=\"oxy-pro-accordion_title\">Posiadam apartamenty i chc\u0119 samodzielnie nimi zarz\u0105dza\u0107. Jak mo\u017cecie mi pom\u00f3c?<\/h4><span class=\"oxy-pro-accordion_subtitle\"><\/span><\/span><span class=\"oxy-pro-accordion_icon oxy-pro-accordion_icon-animate\"><svg id=\"toggle--pro-accordion-437-681\" class=\"oxy-pro-accordion_toggle-icon\"><use xlink:href=\"#FontAwesomeicon-angle-down\"><\/use><\/svg><\/span><\/button><div id=\"body-pro-accordion-437-681-7\" class=\"oxy-pro-accordion_body\" aria-labelledby=\"header-pro-accordion-437-681-7\" role=\"region\"><div class=\"oxy-pro-accordion_content\"><p>Nasze do\u015bwiadczenie i znajomo\u015b\u0107 rynku z pewno\u015bci\u0105 mog\u0105 Ci pom\u00f3c w wielu obszarach:<\/p>\n<p>- kompleksowy Plan Marketingowy<br \/>\n- fotografia wn\u0119trz<br \/>\n- zarz\u0105dzanie cenami na portalach rezerwacyjnych<br \/>\n- firma sprz\u0105taj\u0105ca \u2013 wiemy jak weryfikowa\u0107 jako\u015b\u0107<\/p>\n<p><strong>Skontaktuj si\u0119 z nami i opowiedz o swoim biznesie.<\/strong><\/p>\n<\/div><\/div><\/div><div class=\"oxy-pro-accordion_item\"><button  id=\"header-pro-accordion-437-681-8\" class=\"oxy-pro-accordion_header\" aria-controls=\"body-pro-accordion-437-681-8\" aria-expanded=\"false\"><span class=\"oxy-pro-accordion_title-area\"><h4 class=\"oxy-pro-accordion_title\">Czym jest wynajem HYBRYDOWY?<\/h4><span class=\"oxy-pro-accordion_subtitle\"><\/span><\/span><span class=\"oxy-pro-accordion_icon oxy-pro-accordion_icon-animate\"><svg id=\"toggle--pro-accordion-437-681\" class=\"oxy-pro-accordion_toggle-icon\"><use xlink:href=\"#FontAwesomeicon-angle-down\"><\/use><\/svg><\/span><\/button><div id=\"body-pro-accordion-437-681-8\" class=\"oxy-pro-accordion_body\" aria-labelledby=\"header-pro-accordion-437-681-8\" role=\"region\"><div class=\"oxy-pro-accordion_content\"><p>Najem hybrydowy \u0142\u0105czy w sobie cechy 3 najcz\u0119\u015bciej spotykanych sposob\u00f3w zarabiania na wynajmie nieruchomo\u015bci.<br \/>\nKlasyczny d\u0142ugoterminowy trwaj\u0105cy zwykle powy\u017cej roku (najem okazjonalny, instytucjonalny).<br \/>\n\u015arednioterminowy dla biznesu trwaj\u0105cy zwykle od 1 do 3 miesi\u0119cy za odpowiednio wy\u017csz\u0105 stawk\u0119 ni\u017celi przy najmie klasycznym.<br \/>\nKr\u00f3tkoterminowy, czyli tzw. najem na doby wymagaj\u0105cy bardzo du\u017cej wiedzy i do\u015bwiadczenia od firmy zarz\u0105dzaj\u0105cej.<\/p>\n<p>Najem HYBRYDOWY jest stosowany dla maksymalizacji zysku dla W\u0142a\u015bciciela i \u0142\u0105czy wszystkie trzy sposoby.<\/p>\n<p>Dzi\u0119ki niemu unikniesz przestoj\u00f3w w wynajmie swojej nieruchomo\u015bci.<\/p>\n<\/div><\/div><\/div><\/div><\/div>\n\n\t\t<\/div><\/div><\/section>","protected":false},"excerpt":{"rendered":"","protected":false},"author":1,"featured_media":815,"parent":0,"menu_order":0,"comment_status":"closed","ping_status":"closed","template":"","meta":{"_acf_changed":false,"footnotes":""},"acf":[],"yoast_head":"<!-- This site is optimized with the Yoast SEO plugin v22.2 - https:\/\/yoast.com\/wordpress\/plugins\/seo\/ -->\n<title>FAQ - Baltic.Rent - Zarz\u0105dzanie mieszkaniami<\/title>\n<meta name=\"robots\" content=\"index, follow, max-snippet:-1, max-image-preview:large, max-video-preview:-1\" \/>\n<link rel=\"canonical\" href=\"https:\/\/baltic.rent\/en\/faq\/\" \/>\n<meta property=\"og:locale\" content=\"en_GB\" \/>\n<meta property=\"og:type\" content=\"article\" \/>\n<meta property=\"og:title\" content=\"FAQ - Baltic.Rent - Zarz\u0105dzanie mieszkaniami\" \/>\n<meta property=\"og:url\" content=\"https:\/\/baltic.rent\/en\/faq\/\" \/>\n<meta property=\"og:site_name\" content=\"Baltic.Rent - Zarz\u0105dzanie mieszkaniami\" \/>\n<meta property=\"article:modified_time\" content=\"2023-04-04T18:31:30+00:00\" \/>\n<meta property=\"og:image\" content=\"https:\/\/baltic.rent\/wp-content\/uploads\/2021\/05\/businessmanMin-min.jpg\" \/>\n\t<meta property=\"og:image:width\" content=\"1600\" \/>\n\t<meta property=\"og:image:height\" content=\"1067\" \/>\n\t<meta property=\"og:image:type\" content=\"image\/jpeg\" \/>\n<meta name=\"twitter:card\" content=\"summary_large_image\" \/>\n<script type=\"application\/ld+json\" class=\"yoast-schema-graph\">{\"@context\":\"https:\/\/schema.org\",\"@graph\":[{\"@type\":\"WebPage\",\"@id\":\"https:\/\/baltic.rent\/faq\",\"url\":\"https:\/\/baltic.rent\/faq\",\"name\":\"FAQ - Baltic.Rent - Zarz\u0105dzanie mieszkaniami\",\"isPartOf\":{\"@id\":\"https:\/\/baltic.rent\/#website\"},\"primaryImageOfPage\":{\"@id\":\"https:\/\/baltic.rent\/faq#primaryimage\"},\"image\":{\"@id\":\"https:\/\/baltic.rent\/faq#primaryimage\"},\"thumbnailUrl\":\"https:\/\/baltic.rent\/wp-content\/uploads\/2021\/05\/businessmanMin-min.jpg\",\"datePublished\":\"2021-03-30T09:35:50+00:00\",\"dateModified\":\"2023-04-04T18:31:30+00:00\",\"breadcrumb\":{\"@id\":\"https:\/\/baltic.rent\/faq#breadcrumb\"},\"inLanguage\":\"en-GB\",\"potentialAction\":[{\"@type\":\"ReadAction\",\"target\":[\"https:\/\/baltic.rent\/faq\"]}]},{\"@type\":\"ImageObject\",\"inLanguage\":\"en-GB\",\"@id\":\"https:\/\/baltic.rent\/faq#primaryimage\",\"url\":\"https:\/\/baltic.rent\/wp-content\/uploads\/2021\/05\/businessmanMin-min.jpg\",\"contentUrl\":\"https:\/\/baltic.rent\/wp-content\/uploads\/2021\/05\/businessmanMin-min.jpg\",\"width\":1600,\"height\":1067},{\"@type\":\"BreadcrumbList\",\"@id\":\"https:\/\/baltic.rent\/faq#breadcrumb\",\"itemListElement\":[{\"@type\":\"ListItem\",\"position\":1,\"name\":\"Strona g\u0142\u00f3wna\",\"item\":\"https:\/\/baltic.rent\/\"},{\"@type\":\"ListItem\",\"position\":2,\"name\":\"FAQ\"}]},{\"@type\":\"WebSite\",\"@id\":\"https:\/\/baltic.rent\/#website\",\"url\":\"https:\/\/baltic.rent\/\",\"name\":\"Baltic.Rent - Zarz\u0105dzanie mieszkaniami\",\"description\":\"Zarz\u0105dzanie apartamentami\",\"potentialAction\":[{\"@type\":\"SearchAction\",\"target\":{\"@type\":\"EntryPoint\",\"urlTemplate\":\"https:\/\/baltic.rent\/?s={search_term_string}\"},\"query-input\":\"required name=search_term_string\"}],\"inLanguage\":\"en-GB\"}]}<\/script>\n<!-- \/ Yoast SEO plugin. -->","yoast_head_json":{"title":"FAQ - Baltic.Rent - Zarz\u0105dzanie mieszkaniami","robots":{"index":"index","follow":"follow","max-snippet":"max-snippet:-1","max-image-preview":"max-image-preview:large","max-video-preview":"max-video-preview:-1"},"canonical":"https:\/\/baltic.rent\/en\/faq\/","og_locale":"en_GB","og_type":"article","og_title":"FAQ - Baltic.Rent - Zarz\u0105dzanie mieszkaniami","og_url":"https:\/\/baltic.rent\/en\/faq\/","og_site_name":"Baltic.Rent - Zarz\u0105dzanie mieszkaniami","article_modified_time":"2023-04-04T18:31:30+00:00","og_image":[{"width":1600,"height":1067,"url":"https:\/\/baltic.rent\/wp-content\/uploads\/2021\/05\/businessmanMin-min.jpg","type":"image\/jpeg"}],"twitter_card":"summary_large_image","schema":{"@context":"https:\/\/schema.org","@graph":[{"@type":"WebPage","@id":"https:\/\/baltic.rent\/faq","url":"https:\/\/baltic.rent\/faq","name":"FAQ - Baltic.Rent - Zarz\u0105dzanie mieszkaniami","isPartOf":{"@id":"https:\/\/baltic.rent\/#website"},"primaryImageOfPage":{"@id":"https:\/\/baltic.rent\/faq#primaryimage"},"image":{"@id":"https:\/\/baltic.rent\/faq#primaryimage"},"thumbnailUrl":"https:\/\/baltic.rent\/wp-content\/uploads\/2021\/05\/businessmanMin-min.jpg","datePublished":"2021-03-30T09:35:50+00:00","dateModified":"2023-04-04T18:31:30+00:00","breadcrumb":{"@id":"https:\/\/baltic.rent\/faq#breadcrumb"},"inLanguage":"en-GB","potentialAction":[{"@type":"ReadAction","target":["https:\/\/baltic.rent\/faq"]}]},{"@type":"ImageObject","inLanguage":"en-GB","@id":"https:\/\/baltic.rent\/faq#primaryimage","url":"https:\/\/baltic.rent\/wp-content\/uploads\/2021\/05\/businessmanMin-min.jpg","contentUrl":"https:\/\/baltic.rent\/wp-content\/uploads\/2021\/05\/businessmanMin-min.jpg","width":1600,"height":1067},{"@type":"BreadcrumbList","@id":"https:\/\/baltic.rent\/faq#breadcrumb","itemListElement":[{"@type":"ListItem","position":1,"name":"Strona g\u0142\u00f3wna","item":"https:\/\/baltic.rent\/"},{"@type":"ListItem","position":2,"name":"FAQ"}]},{"@type":"WebSite","@id":"https:\/\/baltic.rent\/#website","url":"https:\/\/baltic.rent\/","name":"Baltic.Rent - Zarz\u0105dzanie mieszkaniami","description":"Zarz\u0105dzanie apartamentami","potentialAction":[{"@type":"SearchAction","target":{"@type":"EntryPoint","urlTemplate":"https:\/\/baltic.rent\/?s={search_term_string}"},"query-input":"required name=search_term_string"}],"inLanguage":"en-GB"}]}},"_links":{"self":[{"href":"https:\/\/baltic.rent\/en\/wp-json\/wp\/v2\/pages\/681"}],"collection":[{"href":"https:\/\/baltic.rent\/en\/wp-json\/wp\/v2\/pages"}],"about":[{"href":"https:\/\/baltic.rent\/en\/wp-json\/wp\/v2\/types\/page"}],"author":[{"embeddable":true,"href":"https:\/\/baltic.rent\/en\/wp-json\/wp\/v2\/users\/1"}],"replies":[{"embeddable":true,"href":"https:\/\/baltic.rent\/en\/wp-json\/wp\/v2\/comments?post=681"}],"version-history":[{"count":21,"href":"https:\/\/baltic.rent\/en\/wp-json\/wp\/v2\/pages\/681\/revisions"}],"predecessor-version":[{"id":1386,"href":"https:\/\/baltic.rent\/en\/wp-json\/wp\/v2\/pages\/681\/revisions\/1386"}],"wp:featuredmedia":[{"embeddable":true,"href":"https:\/\/baltic.rent\/en\/wp-json\/wp\/v2\/media\/815"}],"wp:attachment":[{"href":"https:\/\/baltic.rent\/en\/wp-json\/wp\/v2\/media?parent=681"}],"curies":[{"name":"wp","href":"https:\/\/api.w.org\/{rel}","templated":true}]}}