{"id":338,"date":"2020-06-25T15:15:42","date_gmt":"2020-06-25T13:15:42","guid":{"rendered":"https:\/\/baltic.rent\/?page_id=338"},"modified":"2025-01-14T16:59:06","modified_gmt":"2025-01-14T15:59:06","slug":"kontakt","status":"publish","type":"page","link":"https:\/\/baltic.rent\/en\/kontakt","title":{"rendered":"Kontakt"},"content":{"rendered":"<section id=\"napisz\" class=\"ct-section\" ><div class=\"ct-section-inner-wrap\"><div id=\"div_block-103-338\" class=\"ct-div-block section-heading\" ><div id=\"text_block-105-338\" class=\"ct-text-block section-title\" >Zg\u0142o\u015b mieszkanie do wynajmu<\/div><div id=\"text_block-106-338\" class=\"ct-text-block section-subtitle\" >Dzi\u0119ki nam Twoje mieszkanie b\u0119dzie zarabia\u0142o dla Ciebie.<\/div><\/div><div id=\"div_block-204-338\" class=\"ct-div-block\" ><div id=\"div_block-172-338\" class=\"ct-div-block\" style=\"background-image:linear-gradient(rgba(116,106,117,0.49), rgba(116,106,117,0.49)), url(https:\/\/baltic.rent\/wp-content\/uploads\/2022\/03\/IMG_6843-683x1024.jpg);background-size:auto,  cover;\"  data-aos=\"fade\" data-aos-duration=\"1200\" data-aos-once=\"true\"><div id=\"text_block-206-338\" class=\"ct-text-block\" >Napisz do nas!<br>Podaj lokalizacj\u0119 apartamentu<br>i sprawd\u017a ile mo\u017cesz zarobi\u0107.<br><\/div><\/div><div id=\"div_block-196-338\" class=\"ct-div-block\" ><div id=\"div_block-197-338\" class=\"ct-div-block\" ><div id=\"div_block-198-338\" class=\"ct-div-block\" ><div id=\"code_block-108-338\" class=\"ct-code-block\" >hello world!<\/div><div id=\"shortcode-107-338\" class=\"ct-shortcode\" >\n<div class=\"wpcf7 no-js\" id=\"wpcf7-f36-o1\" lang=\"pl-PL\" dir=\"ltr\">\n<div class=\"screen-reader-response\"><p role=\"status\" aria-live=\"polite\" aria-atomic=\"true\"><\/p> <ul><\/ul><\/div>\n<form action=\"\/en\/wp-json\/wp\/v2\/pages\/338#wpcf7-f36-o1\" method=\"post\" class=\"wpcf7-form init\" aria-label=\"Formularz kontaktowy\" novalidate=\"novalidate\" data-status=\"init\" data-trp-original-action=\"\/en\/wp-json\/wp\/v2\/pages\/338#wpcf7-f36-o1\">\n<div style=\"display: none;\">\n<input type=\"hidden\" name=\"_wpcf7\" value=\"36\" \/>\n<input type=\"hidden\" name=\"_wpcf7_version\" value=\"5.9.2\" \/>\n<input type=\"hidden\" name=\"_wpcf7_locale\" value=\"pl_PL\" \/>\n<input type=\"hidden\" name=\"_wpcf7_unit_tag\" value=\"wpcf7-f36-o1\" \/>\n<input type=\"hidden\" name=\"_wpcf7_container_post\" value=\"0\" \/>\n<input type=\"hidden\" name=\"_wpcf7_posted_data_hash\" value=\"\" \/>\n<input type=\"hidden\" name=\"_wpcf7_recaptcha_response\" value=\"\" \/>\n<\/div>\n<p><label for=\"name\">Imi\u0119 i nazwisko (wymagane)<\/label><br \/>\n<span class=\"wpcf7-form-control-wrap\" data-name=\"your-name\"><input size=\"40\" class=\"wpcf7-form-control wpcf7-text wpcf7-validates-as-required form-text\" id=\"name\" aria-required=\"true\" aria-invalid=\"false\" placeholder=\"Imi\u0119 i nazwisko\" value=\"\" type=\"text\" name=\"your-name\" \/><\/span>\n<\/p>\n<p><label for=\"email\">Adres e-mail (wymagane)<\/label><br \/>\n<span class=\"wpcf7-form-control-wrap\" data-name=\"your-email\"><input size=\"40\" class=\"wpcf7-form-control wpcf7-email wpcf7-validates-as-required wpcf7-text wpcf7-validates-as-email form-text\" id=\"email\" aria-required=\"true\" aria-invalid=\"false\" placeholder=\"Adres e-mail\" value=\"\" type=\"email\" name=\"your-email\" \/><\/span>\n<\/p>\n<p><label for=\"name\">Numer telefonu<\/label><br \/>\n<span class=\"wpcf7-form-control-wrap\" data-name=\"your-phone\"><input size=\"40\" class=\"wpcf7-form-control wpcf7-text form-text\" id=\"phone\" aria-invalid=\"false\" placeholder=\"Numer telefonu\" value=\"\" type=\"text\" name=\"your-phone\" \/><\/span>\n<\/p>\n<p><label for=\"message\">Tre\u015b\u0107 wiadomo\u015bci<\/label><br \/>\n<span class=\"wpcf7-form-control-wrap\" data-name=\"your-message\"><textarea cols=\"40\" rows=\"4\" class=\"wpcf7-form-control wpcf7-textarea form-text\" id=\"message\" aria-invalid=\"false\" placeholder=\"Zg\u0142o\u015b mieszkanie do zarz\u0105dzania\" name=\"your-message\"><\/textarea><\/span>\n<\/p>\n<p><span class=\"wpcf7-form-control-wrap\" data-name=\"acceptance-530\"><span class=\"wpcf7-form-control wpcf7-acceptance\"><span class=\"wpcf7-list-item\"><label><input type=\"checkbox\" name=\"acceptance-530\" value=\"1\" aria-invalid=\"false\" \/><span class=\"wpcf7-list-item-label\">Wyra\u017cam zgod\u0119 na przetwarzanie moich danych osobowych. \n<a id=\"acceptance-more\"> Wi\u0119cej informacji.<\/a><\/span><\/label><\/span><\/span><\/span>\n<\/p>\n<div class=\"submitCont\">\n\t<p><input class=\"wpcf7-form-control wpcf7-submit has-spinner btn-contact\" type=\"submit\" value=\"Wy\u015blij wiadomo\u015b\u0107\" \/>\n\t<\/p>\n<\/div>\n<div class=\"recaptchaBox\">\n\t<p><small>This site is protected by reCAPTCHA and the Google<br \/>\n<a href=\"https:\/\/policies.google.com\/privacy\">Privacy Policy<\/a> and<br \/>\n<a href=\"https:\/\/policies.google.com\/terms\">Terms of Service<\/a> apply.<br \/>\n<\/small>\n\t<\/p>\n<\/div><div class=\"wpcf7-response-output\" aria-hidden=\"true\"><\/div>\n<input type=\"hidden\" name=\"trp-form-language\" value=\"en\"\/><\/form>\n<\/div>\n<\/div><\/div><\/div><\/div><\/div><\/div><\/section>            <div tabindex=\"-1\" class=\"oxy-modal-backdrop center\"\n                style=\"background-color: rgba(0,0,0,0.5);\"\n                data-trigger=\"user_clicks_element\"                data-trigger-selector=\"#acceptance-more\"                data-trigger-time=\"5\"                data-trigger-time-unit=\"seconds\"                data-close-automatically=\"no\"                data-close-after-time=\"10\"                data-close-after-time-unit=\"seconds\"                data-trigger_scroll_amount=\"50\"                data-trigger_scroll_direction=\"down\"\t            data-scroll_to_selector=\"\"\t            data-time_inactive=\"60\"\t            data-time-inactive-unit=\"seconds\"\t            data-number_of_clicks=\"3\"\t            data-close_on_esc=\"on\"\t            data-number_of_page_views=\"3\"                data-close-after-form-submit=\"no\"                data-open-again=\"always_show\"                data-open-again-after-days=\"3\"            >\n\n                <div id=\"modal-29-338\" class=\"ct-modal\" ><div id=\"fancy_icon-30-338\" class=\"ct-fancy-icon oxy-close-modal\" ><svg id=\"svg-fancy_icon-30-338\"><use xlink:href=\"#FontAwesomeicon-close\"><\/use><\/svg><\/div><h2 id=\"headline-31-338\" class=\"ct-headline\">Ochrona danych osobowych<\/h2><div id=\"_rich_text-32-338\" class=\"oxy-rich-text\" ><p>Zgodnie z art. 13 og\u00f3lnego rozporz\u0105dzenia o ochronie danych osobowych z dnia 27 kwietnia 2016 r. (Dz. Urz. UE L 119 z 04.05.2016) informuj\u0119, i\u017c:<\/p>\r\n<ol>\r\n<li>administratorem Pani\/Pana danych osobowych jest Baltic Rent<\/li>\r\n<li>kontakt z Inspektorem Ochrony Danych \u2013 kontakt@baltic.rent<\/li>\r\n<li>Pani\/Pana dane osobowe przetwarzane b\u0119d\u0105 w celu korzystania z us\u0142ug hotelowych \u2013 na podstawie Art. 6 ust. 1 lit. b og\u00f3lnego rozporz\u0105dzenia o ochronie danych osobowych z dnia 27 kwietnia 2016 r.<\/li>\r\n<li>odbiorcami Pani\/Pana danych osobowych b\u0119d\u0105 wy\u0142\u0105cznie podmioty uprawnione do uzyskania danych osobowych na podstawie przepis\u00f3w prawa oraz podmioty uczestnicz\u0105ce w realizacji us\u0142ug<\/li>\r\n<li>Pani\/Pana dane osobowe przechowywane b\u0119d\u0105 bezterminowo<\/li>\r\n<li>posiada Pani\/Pan prawo do \u017c\u0105dania od administratora dost\u0119pu do danych osobowych, prawo do ich sprostowania, usuni\u0119cia lub ograniczenia przetwarzania oraz prawo do przenoszenia danych<\/li>\r\n<li>ma Pani\/Pan prawo wniesienia skargi do organu nadzorczego<\/li>\r\n<li>podanie danych osobowych jest dobrowolne, jednak\u017ce odmowa podania danych mo\u017ce skutkowa\u0107 odmow\u0105 realizacji us\u0142ugi\/umowy<\/li>\r\n<\/ol><\/div><\/div>\n            <\/div>","protected":false},"excerpt":{"rendered":"","protected":false},"author":1,"featured_media":1181,"parent":0,"menu_order":0,"comment_status":"closed","ping_status":"closed","template":"","meta":{"_acf_changed":false,"footnotes":""},"acf":[],"yoast_head":"<!-- This site is optimized with the Yoast SEO plugin v22.2 - https:\/\/yoast.com\/wordpress\/plugins\/seo\/ -->\n<title>Kontakt - Baltic.Rent - Zarz\u0105dzanie mieszkaniami<\/title>\n<meta name=\"robots\" content=\"index, follow, max-snippet:-1, max-image-preview:large, max-video-preview:-1\" \/>\n<link rel=\"canonical\" href=\"https:\/\/baltic.rent\/en\/kontakt\/\" \/>\n<meta property=\"og:locale\" content=\"en_GB\" \/>\n<meta property=\"og:type\" content=\"article\" \/>\n<meta property=\"og:title\" content=\"Kontakt - Baltic.Rent - Zarz\u0105dzanie mieszkaniami\" \/>\n<meta property=\"og:url\" content=\"https:\/\/baltic.rent\/en\/kontakt\/\" \/>\n<meta property=\"og:site_name\" content=\"Baltic.Rent - Zarz\u0105dzanie mieszkaniami\" \/>\n<meta property=\"article:modified_time\" content=\"2025-01-14T15:59:06+00:00\" \/>\n<meta property=\"og:image\" content=\"https:\/\/baltic.rent\/wp-content\/uploads\/2022\/03\/IMG_6843-scaled.jpg\" \/>\n\t<meta property=\"og:image:width\" content=\"1707\" \/>\n\t<meta property=\"og:image:height\" content=\"2560\" \/>\n\t<meta property=\"og:image:type\" content=\"image\/jpeg\" \/>\n<meta name=\"twitter:card\" content=\"summary_large_image\" \/>\n<meta name=\"twitter:label1\" content=\"Estimated reading time\" \/>\n\t<meta name=\"twitter:data1\" content=\"2 minutes\" \/>\n<script type=\"application\/ld+json\" class=\"yoast-schema-graph\">{\"@context\":\"https:\/\/schema.org\",\"@graph\":[{\"@type\":\"WebPage\",\"@id\":\"https:\/\/baltic.rent\/kontakt\",\"url\":\"https:\/\/baltic.rent\/kontakt\",\"name\":\"Kontakt - Baltic.Rent - Zarz\u0105dzanie mieszkaniami\",\"isPartOf\":{\"@id\":\"https:\/\/baltic.rent\/#website\"},\"primaryImageOfPage\":{\"@id\":\"https:\/\/baltic.rent\/kontakt#primaryimage\"},\"image\":{\"@id\":\"https:\/\/baltic.rent\/kontakt#primaryimage\"},\"thumbnailUrl\":\"https:\/\/baltic.rent\/wp-content\/uploads\/2022\/03\/IMG_6843-scaled.jpg\",\"datePublished\":\"2020-06-25T13:15:42+00:00\",\"dateModified\":\"2025-01-14T15:59:06+00:00\",\"breadcrumb\":{\"@id\":\"https:\/\/baltic.rent\/kontakt#breadcrumb\"},\"inLanguage\":\"en-GB\",\"potentialAction\":[{\"@type\":\"ReadAction\",\"target\":[\"https:\/\/baltic.rent\/kontakt\"]}]},{\"@type\":\"ImageObject\",\"inLanguage\":\"en-GB\",\"@id\":\"https:\/\/baltic.rent\/kontakt#primaryimage\",\"url\":\"https:\/\/baltic.rent\/wp-content\/uploads\/2022\/03\/IMG_6843-scaled.jpg\",\"contentUrl\":\"https:\/\/baltic.rent\/wp-content\/uploads\/2022\/03\/IMG_6843-scaled.jpg\",\"width\":1707,\"height\":2560},{\"@type\":\"BreadcrumbList\",\"@id\":\"https:\/\/baltic.rent\/kontakt#breadcrumb\",\"itemListElement\":[{\"@type\":\"ListItem\",\"position\":1,\"name\":\"Strona g\u0142\u00f3wna\",\"item\":\"https:\/\/baltic.rent\/\"},{\"@type\":\"ListItem\",\"position\":2,\"name\":\"Kontakt\"}]},{\"@type\":\"WebSite\",\"@id\":\"https:\/\/baltic.rent\/#website\",\"url\":\"https:\/\/baltic.rent\/\",\"name\":\"Baltic.Rent - Zarz\u0105dzanie mieszkaniami\",\"description\":\"Zarz\u0105dzanie apartamentami\",\"potentialAction\":[{\"@type\":\"SearchAction\",\"target\":{\"@type\":\"EntryPoint\",\"urlTemplate\":\"https:\/\/baltic.rent\/?s={search_term_string}\"},\"query-input\":\"required name=search_term_string\"}],\"inLanguage\":\"en-GB\"}]}<\/script>\n<!-- \/ Yoast SEO plugin. -->","yoast_head_json":{"title":"Kontakt - Baltic.Rent - Zarz\u0105dzanie mieszkaniami","robots":{"index":"index","follow":"follow","max-snippet":"max-snippet:-1","max-image-preview":"max-image-preview:large","max-video-preview":"max-video-preview:-1"},"canonical":"https:\/\/baltic.rent\/en\/kontakt\/","og_locale":"en_GB","og_type":"article","og_title":"Kontakt - Baltic.Rent - Zarz\u0105dzanie mieszkaniami","og_url":"https:\/\/baltic.rent\/en\/kontakt\/","og_site_name":"Baltic.Rent - Zarz\u0105dzanie mieszkaniami","article_modified_time":"2025-01-14T15:59:06+00:00","og_image":[{"width":1707,"height":2560,"url":"https:\/\/baltic.rent\/wp-content\/uploads\/2022\/03\/IMG_6843-scaled.jpg","type":"image\/jpeg"}],"twitter_card":"summary_large_image","twitter_misc":{"Estimated reading time":"2 minutes"},"schema":{"@context":"https:\/\/schema.org","@graph":[{"@type":"WebPage","@id":"https:\/\/baltic.rent\/kontakt","url":"https:\/\/baltic.rent\/kontakt","name":"Kontakt - Baltic.Rent - Zarz\u0105dzanie mieszkaniami","isPartOf":{"@id":"https:\/\/baltic.rent\/#website"},"primaryImageOfPage":{"@id":"https:\/\/baltic.rent\/kontakt#primaryimage"},"image":{"@id":"https:\/\/baltic.rent\/kontakt#primaryimage"},"thumbnailUrl":"https:\/\/baltic.rent\/wp-content\/uploads\/2022\/03\/IMG_6843-scaled.jpg","datePublished":"2020-06-25T13:15:42+00:00","dateModified":"2025-01-14T15:59:06+00:00","breadcrumb":{"@id":"https:\/\/baltic.rent\/kontakt#breadcrumb"},"inLanguage":"en-GB","potentialAction":[{"@type":"ReadAction","target":["https:\/\/baltic.rent\/kontakt"]}]},{"@type":"ImageObject","inLanguage":"en-GB","@id":"https:\/\/baltic.rent\/kontakt#primaryimage","url":"https:\/\/baltic.rent\/wp-content\/uploads\/2022\/03\/IMG_6843-scaled.jpg","contentUrl":"https:\/\/baltic.rent\/wp-content\/uploads\/2022\/03\/IMG_6843-scaled.jpg","width":1707,"height":2560},{"@type":"BreadcrumbList","@id":"https:\/\/baltic.rent\/kontakt#breadcrumb","itemListElement":[{"@type":"ListItem","position":1,"name":"Strona g\u0142\u00f3wna","item":"https:\/\/baltic.rent\/"},{"@type":"ListItem","position":2,"name":"Kontakt"}]},{"@type":"WebSite","@id":"https:\/\/baltic.rent\/#website","url":"https:\/\/baltic.rent\/","name":"Baltic.Rent - Zarz\u0105dzanie mieszkaniami","description":"Zarz\u0105dzanie apartamentami","potentialAction":[{"@type":"SearchAction","target":{"@type":"EntryPoint","urlTemplate":"https:\/\/baltic.rent\/?s={search_term_string}"},"query-input":"required name=search_term_string"}],"inLanguage":"en-GB"}]}},"_links":{"self":[{"href":"https:\/\/baltic.rent\/en\/wp-json\/wp\/v2\/pages\/338"}],"collection":[{"href":"https:\/\/baltic.rent\/en\/wp-json\/wp\/v2\/pages"}],"about":[{"href":"https:\/\/baltic.rent\/en\/wp-json\/wp\/v2\/types\/page"}],"author":[{"embeddable":true,"href":"https:\/\/baltic.rent\/en\/wp-json\/wp\/v2\/users\/1"}],"replies":[{"embeddable":true,"href":"https:\/\/baltic.rent\/en\/wp-json\/wp\/v2\/comments?post=338"}],"version-history":[{"count":11,"href":"https:\/\/baltic.rent\/en\/wp-json\/wp\/v2\/pages\/338\/revisions"}],"predecessor-version":[{"id":1417,"href":"https:\/\/baltic.rent\/en\/wp-json\/wp\/v2\/pages\/338\/revisions\/1417"}],"wp:featuredmedia":[{"embeddable":true,"href":"https:\/\/baltic.rent\/en\/wp-json\/wp\/v2\/media\/1181"}],"wp:attachment":[{"href":"https:\/\/baltic.rent\/en\/wp-json\/wp\/v2\/media?parent=338"}],"curies":[{"name":"wp","href":"https:\/\/api.w.org\/{rel}","templated":true}]}}